{"id":23943,"date":"2023-12-21T11:40:55","date_gmt":"2023-12-21T11:40:55","guid":{"rendered":"https:\/\/nsofta.ngmprojektit.fi\/?page_id=23943"},"modified":"2025-01-10T13:15:40","modified_gmt":"2025-01-10T13:15:40","slug":"privacy-policy","status":"publish","type":"page","link":"https:\/\/nsofta.ngmprojektit.fi\/fi\/privacy-policy\/","title":{"rendered":"Privacy policy"},"content":{"rendered":"<div data-elementor-type=\"wp-page\" data-elementor-id=\"23943\" class=\"elementor elementor-23943\" data-elementor-post-type=\"page\">\n\t\t\t\t\t\t<section class=\"elementor-section elementor-top-section elementor-element elementor-element-d4a8bea elementor-section-full_width elementor-section-height-min-height elementor-section-content-middle elementor-section-stretched elementor-section-height-default elementor-section-items-middle\" data-id=\"d4a8bea\" data-element_type=\"section\" data-settings=\"{&quot;stretch_section&quot;:&quot;section-stretched&quot;,&quot;background_background&quot;:&quot;classic&quot;}\">\n\t\t\t\t\t\t\t<div class=\"elementor-background-overlay\"><\/div>\n\t\t\t\t\t\t\t<div class=\"elementor-container elementor-column-gap-default\">\n\t\t\t\t\t<div class=\"elementor-column elementor-col-100 elementor-top-column elementor-element elementor-element-3e6b51f\" data-id=\"3e6b51f\" data-element_type=\"column\">\n\t\t\t<div class=\"elementor-widget-wrap elementor-element-populated\">\n\t\t\t\t\t\t<section class=\"elementor-section elementor-inner-section elementor-element elementor-element-1631bf4 elementor-section-full_width elementor-section-height-default elementor-section-height-default\" data-id=\"1631bf4\" data-element_type=\"section\">\n\t\t\t\t\t\t<div class=\"elementor-container elementor-column-gap-default\">\n\t\t\t\t\t<div class=\"elementor-column elementor-col-100 elementor-inner-column elementor-element elementor-element-cf8c8c3\" data-id=\"cf8c8c3\" data-element_type=\"column\">\n\t\t\t<div class=\"elementor-widget-wrap elementor-element-populated\">\n\t\t\t\t\t\t<div class=\"elementor-element elementor-element-5382e93 elementor-widget elementor-widget-heading\" data-id=\"5382e93\" data-element_type=\"widget\" data-widget_type=\"heading.default\">\n\t\t\t\t<div class=\"elementor-widget-container\">\n\t\t\t<style>\/*! elementor - v3.19.0 - 07-02-2024 *\/\n.elementor-heading-title{padding:0;margin:0;line-height:1}.elementor-widget-heading .elementor-heading-title[class*=elementor-size-]>a{color:inherit;font-size:inherit;line-height:inherit}.elementor-widget-heading .elementor-heading-title.elementor-size-small{font-size:15px}.elementor-widget-heading .elementor-heading-title.elementor-size-medium{font-size:19px}.elementor-widget-heading .elementor-heading-title.elementor-size-large{font-size:29px}.elementor-widget-heading .elementor-heading-title.elementor-size-xl{font-size:39px}.elementor-widget-heading .elementor-heading-title.elementor-size-xxl{font-size:59px}<\/style><h2 class=\"elementor-heading-title elementor-size-default\">Tietosuojaseloste<\/h2>\t\t<\/div>\n\t\t\t\t<\/div>\n\t\t\t\t\t<\/div>\n\t\t<\/div>\n\t\t\t\t\t<\/div>\n\t\t<\/section>\n\t\t\t\t\t<\/div>\n\t\t<\/div>\n\t\t\t\t\t<\/div>\n\t\t<\/section>\n\t\t\t\t<section class=\"elementor-section elementor-top-section elementor-element elementor-element-913f738 elementor-section-boxed elementor-section-height-default elementor-section-height-default\" data-id=\"913f738\" data-element_type=\"section\">\n\t\t\t\t\t\t<div class=\"elementor-container elementor-column-gap-default\">\n\t\t\t\t\t<div class=\"elementor-column elementor-col-100 elementor-top-column elementor-element elementor-element-ba8bef3\" data-id=\"ba8bef3\" data-element_type=\"column\">\n\t\t\t<div class=\"elementor-widget-wrap elementor-element-populated\">\n\t\t\t\t\t\t<section class=\"elementor-section elementor-inner-section elementor-element elementor-element-eecb039 elementor-section-boxed elementor-section-height-default elementor-section-height-default\" data-id=\"eecb039\" data-element_type=\"section\">\n\t\t\t\t\t\t<div class=\"elementor-container elementor-column-gap-default\">\n\t\t\t\t\t<div class=\"elementor-column elementor-col-100 elementor-inner-column elementor-element elementor-element-b93bbeb\" data-id=\"b93bbeb\" data-element_type=\"column\">\n\t\t\t<div class=\"elementor-widget-wrap elementor-element-populated\">\n\t\t\t\t\t\t<div class=\"elementor-element elementor-element-81ddefd elementor-widget elementor-widget-heading\" data-id=\"81ddefd\" data-element_type=\"widget\" data-widget_type=\"heading.default\">\n\t\t\t\t<div class=\"elementor-widget-container\">\n\t\t\t<h2 class=\"elementor-heading-title elementor-size-default\">Tietosuojaseloste<\/h2>\t\t<\/div>\n\t\t\t\t<\/div>\n\t\t\t\t<div class=\"elementor-element elementor-element-255bec2 elementor-widget elementor-widget-text-editor\" data-id=\"255bec2\" data-element_type=\"widget\" data-widget_type=\"text-editor.default\">\n\t\t\t\t<div class=\"elementor-widget-container\">\n\t\t\t<style>\/*! elementor - v3.19.0 - 07-02-2024 *\/\n.elementor-widget-text-editor.elementor-drop-cap-view-stacked .elementor-drop-cap{background-color:#69727d;color:#fff}.elementor-widget-text-editor.elementor-drop-cap-view-framed .elementor-drop-cap{color:#69727d;border:3px solid;background-color:transparent}.elementor-widget-text-editor:not(.elementor-drop-cap-view-default) .elementor-drop-cap{margin-top:8px}.elementor-widget-text-editor:not(.elementor-drop-cap-view-default) .elementor-drop-cap-letter{width:1em;height:1em}.elementor-widget-text-editor .elementor-drop-cap{float:left;text-align:center;line-height:1;font-size:50px}.elementor-widget-text-editor .elementor-drop-cap-letter{display:inline-block}<\/style>\t\t\t\t<p><strong>1. Rekisterinpit\u00e4j\u00e4 ja yhteystiedot<\/strong><\/p><ul><li>Nordic Sales Group Oy (y-tunnus: 3461503-8)<\/li><li>Yrj\u00f6nkuja 3, 05620 Hyvink\u00e4\u00e4<\/li><li>info@nordicpartners.fi<\/li><\/ul><p><strong>2. Yleist\u00e4<\/strong><\/p><p>T\u00e4ss\u00e4 selosteessa kerrotaan, miten Nordic Sales Group Oy (j\u00e4ljemp\u00e4n\u00e4 \u201dRekisterinpit\u00e4j\u00e4\u201d) ker\u00e4\u00e4 ja k\u00e4sittelee henkil\u00f6tietojasi Nordic Sales Group -alustalla (j\u00e4ljemp\u00e4n\u00e4 \u201dAlusta\u201d).<\/p><p>Olethan yhteydess\u00e4 Rekisterinpit\u00e4j\u00e4n yhteyshenkil\u00f6\u00f6n, mik\u00e4li sinulla on kysytt\u00e4v\u00e4\u00e4 henkil\u00f6tietojesi k\u00e4sittelyyn liittyen.<\/p><p><strong>3. K\u00e4sittelyn tarkoitus ja oikeusperuste<\/strong><\/p><p>Henkil\u00f6tietoja k\u00e4sitell\u00e4\u00e4n Alustan kautta tehtyjen osto- ja myyntitapahtumien hallinnoimiseksi, asiakaspalvelun tarjoamiseksi, Rekisterinpit\u00e4j\u00e4n lakis\u00e4\u00e4teisten kirjanpitovelvoitteiden noudattamiseksi sek\u00e4 markkinointitarkoituksiin.<\/p><p>Henkil\u00f6tietojen k\u00e4sittelyn oikeusperuste on sopimuksen t\u00e4yt\u00e4nt\u00f6\u00f6npano, Rekisterinpit\u00e4j\u00e4n lakis\u00e4\u00e4teinen velvoite tai antamasi suostumus.<br \/>Rekisterinpit\u00e4j\u00e4 voi laatia henkil\u00f6tietoihin pohjautuvia koostettuja ja tilastollisia tietoaineistoja. Yksitt\u00e4isi\u00e4 henkil\u00f6it\u00e4 ei kuitenkaan ole mahdollista tunnistaa t\u00e4llaisesta tietoaineistosta.<\/p><p>Henkil\u00f6tietoja ei k\u00e4ytet\u00e4 automaattiseen p\u00e4\u00e4t\u00f6ksentekoon tai profilointiin.<\/p><p><strong>4. Henkil\u00f6tietoryhm\u00e4t<\/strong><\/p><p>Rekisterinpit\u00e4j\u00e4 k\u00e4sittelee seuraavia henkil\u00f6tietoryhmi\u00e4:<\/p><ul><li>Nimi<\/li><li>S\u00e4hk\u00f6postiosoite ja muut Alustaan sy\u00f6tt\u00e4m\u00e4si yhteystiedot<\/li><li>Alustan k\u00e4ytt\u00e4j\u00e4tunnus ja salasana<\/li><li>Mahdollisesti edustettu organisaatio<\/li><li>Mahdollinen myynti- ja ostohistoria, sis\u00e4lt\u00e4en ajoneuvon tiedot<\/li><li>Suoramarkkinointisuostumukset ja -kiellot<\/li><li>Mahdolliset asiakaspalvelun kautta ker\u00e4tyt tiedot<\/li><\/ul><p>Henkil\u00f6tiedot ker\u00e4t\u00e4\u00e4n suoraan sinulta, kun rekister\u00f6idyt Alustalle ja k\u00e4yt\u00e4t sit\u00e4.<\/p><p>Tiettyjen henkil\u00f6tietojen antaminen on pakollista sinun ja Rekisterinpit\u00e4j\u00e4n v\u00e4lisen sopimuksen eli Alustan k\u00e4ytt\u00f6ehtojen noudattamiseksi. N\u00e4m\u00e4 tiedot on merkitty pakollisiksi rekister\u00f6itymislomakkeella. Lis\u00e4ksi tiettyjen henkil\u00f6tietojen antaminen on edellytys osto- ja myyntitapahtumien suorittamiselle Alustan kautta.<\/p><p><strong>5. Henkil\u00f6tietojen vastaanottajat<\/strong><\/p><p>Alustan k\u00e4ytt\u00f6tarkoituksen toteuttamiseksi henkil\u00f6tietoja voidaan tarpeellisilta osin luovuttaa Alustan muille k\u00e4ytt\u00e4jille sek\u00e4 vahvan tunnistautumisen palveluntarjoajalle osto- ja myyntitapahtumien suorittamiseksi.<br \/>Rekisterinpit\u00e4j\u00e4 voi lis\u00e4ksi luovuttaa henkil\u00f6tietoja sellaisille k\u00e4ytt\u00e4milleen ulkopuolisille palveluntarjoajille eli henkil\u00f6tietojen k\u00e4sittelij\u00f6ille, jotka k\u00e4sittelev\u00e4t henkil\u00f6tietoja Rekisterinpit\u00e4j\u00e4n antaman ohjeistuksen mukaisesti. T\u00e4llainen henkil\u00f6tietojen k\u00e4sittelij\u00e4 on esimerkiksi Rekisterinpit\u00e4j\u00e4n k\u00e4ytt\u00e4m\u00e4 kirjanpit\u00e4j\u00e4. Rekisterinpit\u00e4j\u00e4 edellytt\u00e4\u00e4, ett\u00e4 t\u00e4llaiset henkil\u00f6tietojen k\u00e4sittelij\u00e4t noudattavat tietosuojalains\u00e4\u00e4d\u00e4nt\u00f6\u00e4 sek\u00e4 asianmukaisia suojatoimenpiteit\u00e4 henkil\u00f6tietojen suojaamiseksi. Henkil\u00f6tietojen k\u00e4sittelij\u00f6ill\u00e4 ei ole oikeutta k\u00e4ytt\u00e4\u00e4 henkil\u00f6tietoja omiin tarkoituksiinsa.<\/p><p><strong>6. Henkil\u00f6tietojen siirto<\/strong><\/p><p>Jotkin Rekisterinpit\u00e4j\u00e4n k\u00e4ytt\u00e4m\u00e4t henkil\u00f6tietojen k\u00e4sittelij\u00e4t ovat sijoittautuneet ETA:n ulkopuolelle. T\u00e4ll\u00f6in Rekisterinpit\u00e4j\u00e4 varmistaa henkil\u00f6tietojesi suojan tason esimerkiksi edellytt\u00e4m\u00e4ll\u00e4, ett\u00e4 Euroopan komission hyv\u00e4ksym\u00e4t vakiolausekkeet otetaan osaksi Rekisterinpit\u00e4j\u00e4n ja ko. henkil\u00f6tietojen k\u00e4sittelij\u00e4n v\u00e4list\u00e4 sopimusta, tai yhdysvaltalaisten henkil\u00f6tietojen k\u00e4sittelij\u00f6iden osalta varmistamalla, ett\u00e4 kyseinen k\u00e4sittelij\u00e4 on sitoutunut EU:n ja Yhdysvaltojen v\u00e4liseen Data Privacy Framework -tietosuojakehykseen.<\/p><p><strong>7. Henkil\u00f6tietojen s\u00e4ilytt\u00e4misaika<\/strong><\/p><p>L\u00e4ht\u00f6kohtaisesti henkil\u00f6tietojasi s\u00e4ilytet\u00e4\u00e4n niin kauan, kun k\u00e4ytt\u00e4j\u00e4tilisi Alustalla on aktiivinen. K\u00e4ytt\u00e4j\u00e4tilin poistamisen j\u00e4lkeen henkil\u00f6tiedot poistetaan ilman aiheetonta viivytyst\u00e4, ellei esimerkiksi kirjanpitolains\u00e4\u00e4d\u00e4nt\u00f6 edellyt\u00e4 henkil\u00f6tietojen s\u00e4ilytt\u00e4mist\u00e4 tai ellei s\u00e4ilytt\u00e4minen ole tarpeen oikeusvaateen laatimiseksi, esitt\u00e4miseksi tai puolustamiseksi.<\/p><p><b>8. Rekister\u00f6idyn oikeudet<\/b><\/p><p><strong>8.1 Yleist\u00e4<\/strong><\/p><p>Voit k\u00e4ytt\u00e4\u00e4 t\u00e4ss\u00e4 kohdassa 8 kuvattuja oikeuksiasi ottamalla yhteytt\u00e4 Rekisterinpit\u00e4j\u00e4\u00e4n edell\u00e4 kohdassa 1 ilmoitettuja yhteystietoja k\u00e4ytt\u00e4en.<br \/>Sinulle ilmoitetaan pyynt\u00f6si nojalla toteutetuista toimenpiteist\u00e4 l\u00e4ht\u00f6kohtaisesti kuukauden kuluttua pyynn\u00f6n vastaanottamisesta. Sinulle ilmoitetaan my\u00f6s, mik\u00e4li Rekisterinpit\u00e4j\u00e4 ei jostain syyst\u00e4 tule toteuttamaan pyynt\u00f6\u00e4si.<br \/>Oikeuksien k\u00e4ytt\u00e4minen on sinulle l\u00e4ht\u00f6kohtaisesti maksutonta.<br \/>Huomaathan, ett\u00e4 pyynt\u00f6si toteuttamiseksi Rekisterinpit\u00e4j\u00e4 voi joutua pyyt\u00e4m\u00e4\u00e4n sinulta lis\u00e4tietoja, jotta voi tunnistaa sinut riitt\u00e4v\u00e4ll\u00e4 tavalla.<\/p><p><strong>8.2 Oikeus saada p\u00e4\u00e4sy henkil\u00f6tietoihin<\/strong><\/p><p>Voit pyyt\u00e4\u00e4 Rekisterinpit\u00e4j\u00e4lt\u00e4 tiedon siit\u00e4, k\u00e4sitell\u00e4\u00e4nk\u00f6 sinua koskevia henkil\u00f6tietoja. Voit pyyt\u00e4\u00e4 Rekisterinpit\u00e4j\u00e4lt\u00e4 tietoja sinusta ker\u00e4tyist\u00e4 henkil\u00f6tiedoista sek\u00e4 p\u00e4\u00e4st\u00e4 niihin k\u00e4siksi.<\/p><p><strong>8.3 Oikeus tietojen oikaisemiseen<\/strong><\/p><p>Voit pyyt\u00e4\u00e4 Rekisterinpit\u00e4j\u00e4\u00e4 oikaisemaan tai t\u00e4ydent\u00e4m\u00e4\u00e4n henkil\u00f6tietojasi, mik\u00e4li ne ovat ep\u00e4tarkkoja, virheellisi\u00e4 tai puutteellisia. Huomaathan, ett\u00e4 voit tarvittaessa p\u00e4ivitt\u00e4\u00e4 tietojasi my\u00f6s itse k\u00e4ytt\u00e4j\u00e4profiilisi kautta.<\/p><p><strong>8.4 Oikeus tietojen poistamiseen<\/strong><\/p><p>Voit pyyt\u00e4\u00e4 Rekisterinpit\u00e4j\u00e4\u00e4 poistamaan henkil\u00f6tietosi esimerkiksi, mik\u00e4li henkil\u00f6tiedot eiv\u00e4t en\u00e4\u00e4 ole tarpeen niihin tarkoituksiin, joita varten ne on ker\u00e4tty.<br \/>Huomaathan, ett\u00e4 Rekisterinpit\u00e4j\u00e4 ei kaikissa tilanteissa voi poistaa kaikkia tietojasi, mik\u00e4li niiden s\u00e4ilytt\u00e4minen on Rekisterinpit\u00e4j\u00e4n lakis\u00e4\u00e4teinen velvoite tai niiden s\u00e4ilytt\u00e4miselle on muu lainmukainen peruste.\u00a0<\/p><p><strong>8.5 Oikeus k\u00e4sittelyn rajoittamiseen<\/strong><\/p><p>Voit pyyt\u00e4\u00e4 henkil\u00f6tietojesi k\u00e4sittelyn rajoittamista tietyiss\u00e4 tilanteissa, kuten silloin, jos olet kiist\u00e4nyt tietojesi paikkansapit\u00e4vyyden, ja Rekisterinpit\u00e4j\u00e4 varmistaa tietojen paikkansapit\u00e4vyytt\u00e4.\u00a0\u00a0<br \/>Henkil\u00f6tietojen k\u00e4sittelyn rajoittaminen tarkoittaa, ett\u00e4 tietojasi voidaan k\u00e4sitell\u00e4 ainoastaan hyvin rajatuilla perusteilla. T\u00e4llainen peruste on esimerkiksi oikeudellisen vaateen laatiminen, esitt\u00e4minen tai puolustaminen.\u00a0<\/p><p><strong>8.6 Oikeus siirt\u00e4\u00e4 tiedot j\u00e4rjestelm\u00e4st\u00e4 toiseen<\/strong><\/p><p>Voit tietyin edellytyksin pyyt\u00e4\u00e4 Rekisterinpit\u00e4j\u00e4\u00e4 toimittamaan sinulle sellaiset itse\u00e4si koskevat henkil\u00f6tiedot, jotka olet toimittanut Rekisterinpit\u00e4j\u00e4lle, ja siirt\u00e4\u00e4 n\u00e4m\u00e4 tiedot toiselle rekisterinpit\u00e4j\u00e4lle.\u00a0<\/p><p><strong>8.7 Oikeus peruuttaa annettu suostumus<\/strong><\/p><p>Voit milloin tahansa peruuttaa antamasi suostumuksen esimerkiksi k\u00e4ytt\u00e4j\u00e4profiilisi kautta.<\/p><p><strong>8.8 Oikeus tehd\u00e4 valitus valvontaviranomaiselle<\/strong><\/p><p>Voit tehd\u00e4 kantelun kansalliselle valvontaviranomaiselle, mik\u00e4li Rekisterinpit\u00e4j\u00e4 ei mielest\u00e4si k\u00e4sittele henkil\u00f6tietojasi asianmukaisesti tai toteuta oikeuksiasi riitt\u00e4v\u00e4ll\u00e4 tavalla. Voit tehd\u00e4 ilmoituksen tietosuojavaltuutetun toimistolle osoitteessa https:\/\/tietosuoja.fi\/ilmoitus-tietosuojavaltuutetulle<\/p><p><strong>9. Tietosuojaselosteen muuttaminen<\/strong><\/p><p>Rekisterinpit\u00e4j\u00e4 voi p\u00e4ivitt\u00e4\u00e4 t\u00e4t\u00e4 selostetta Rekisterinpit\u00e4j\u00e4n suorittaman henkil\u00f6tietojen k\u00e4sittelyn ja\/tai soveltuvan lains\u00e4\u00e4d\u00e4nn\u00f6n muuttuessa.<br \/>Rekisterinpit\u00e4j\u00e4 suosittelee tutustumaan tietosuojaselosteen sis\u00e4lt\u00f6\u00f6n s\u00e4\u00e4nn\u00f6llisesti. Sinulle ilmoitetaan merkitt\u00e4vist\u00e4 henkil\u00f6tietojesi k\u00e4sittely\u00e4 koskevista muutoksista s\u00e4hk\u00f6postitse.<\/p><p>Seloste on viimeksi p\u00e4ivitetty 21.12.2023.<\/p>\t\t\t\t\t\t<\/div>\n\t\t\t\t<\/div>\n\t\t\t\t\t<\/div>\n\t\t<\/div>\n\t\t\t\t\t<\/div>\n\t\t<\/section>\n\t\t\t\t\t<\/div>\n\t\t<\/div>\n\t\t\t\t\t<\/div>\n\t\t<\/section>\n\t\t\t\t<\/div>","protected":false},"excerpt":{"rendered":"<p>Tietosuojaseloste Tietosuojaseloste 1. Rekisterinpit\u00e4j\u00e4 ja yhteystiedot Nordic Sales Group Oy (y-tunnus: 3461503-8) Yrj\u00f6nkuja 3, 05620 Hyvink\u00e4\u00e4 info@nordicpartners.fi 2. Yleist\u00e4 T\u00e4ss\u00e4 selosteessa kerrotaan, miten Nordic Sales Group Oy (j\u00e4ljemp\u00e4n\u00e4 \u201dRekisterinpit\u00e4j\u00e4\u201d) ker\u00e4\u00e4 ja k\u00e4sittelee henkil\u00f6tietojasi Nordic Sales Group -alustalla (j\u00e4ljemp\u00e4n\u00e4 \u201dAlusta\u201d). Olethan yhteydess\u00e4 Rekisterinpit\u00e4j\u00e4n yhteyshenkil\u00f6\u00f6n, mik\u00e4li sinulla on kysytt\u00e4v\u00e4\u00e4 henkil\u00f6tietojesi k\u00e4sittelyyn liittyen. 3. K\u00e4sittelyn tarkoitus ja oikeusperuste [&hellip;]<\/p>","protected":false},"author":1,"featured_media":0,"parent":0,"menu_order":0,"comment_status":"closed","ping_status":"closed","template":"","meta":{"footnotes":""},"class_list":["post-23943","page","type-page","status-publish","hentry"],"acf":[],"_links":{"self":[{"href":"https:\/\/nsofta.ngmprojektit.fi\/fi\/wp-json\/wp\/v2\/pages\/23943","targetHints":{"allow":["GET"]}}],"collection":[{"href":"https:\/\/nsofta.ngmprojektit.fi\/fi\/wp-json\/wp\/v2\/pages"}],"about":[{"href":"https:\/\/nsofta.ngmprojektit.fi\/fi\/wp-json\/wp\/v2\/types\/page"}],"author":[{"embeddable":true,"href":"https:\/\/nsofta.ngmprojektit.fi\/fi\/wp-json\/wp\/v2\/users\/1"}],"replies":[{"embeddable":true,"href":"https:\/\/nsofta.ngmprojektit.fi\/fi\/wp-json\/wp\/v2\/comments?post=23943"}],"version-history":[{"count":19,"href":"https:\/\/nsofta.ngmprojektit.fi\/fi\/wp-json\/wp\/v2\/pages\/23943\/revisions"}],"predecessor-version":[{"id":25781,"href":"https:\/\/nsofta.ngmprojektit.fi\/fi\/wp-json\/wp\/v2\/pages\/23943\/revisions\/25781"}],"wp:attachment":[{"href":"https:\/\/nsofta.ngmprojektit.fi\/fi\/wp-json\/wp\/v2\/media?parent=23943"}],"curies":[{"name":"wp","href":"https:\/\/api.w.org\/{rel}","templated":true}]}}