{"id":23935,"date":"2023-12-21T11:21:54","date_gmt":"2023-12-21T11:21:54","guid":{"rendered":"https:\/\/nsofta.ngmprojektit.fi\/?page_id=23935"},"modified":"2024-01-10T09:42:32","modified_gmt":"2024-01-10T09:42:32","slug":"pricing","status":"publish","type":"page","link":"https:\/\/nsofta.ngmprojektit.fi\/fi\/pricing\/","title":{"rendered":"Hinnasto"},"content":{"rendered":"<div data-elementor-type=\"wp-page\" data-elementor-id=\"23935\" class=\"elementor elementor-23935\" data-elementor-post-type=\"page\">\n\t\t\t\t\t\t<section class=\"elementor-section elementor-top-section elementor-element elementor-element-8d49295 elementor-section-full_width elementor-section-height-min-height elementor-section-content-middle elementor-section-stretched elementor-section-height-default elementor-section-items-middle\" data-id=\"8d49295\" data-element_type=\"section\" data-settings=\"{&quot;stretch_section&quot;:&quot;section-stretched&quot;,&quot;background_background&quot;:&quot;classic&quot;}\">\n\t\t\t\t\t\t\t<div class=\"elementor-background-overlay\"><\/div>\n\t\t\t\t\t\t\t<div class=\"elementor-container elementor-column-gap-default\">\n\t\t\t\t\t<div class=\"elementor-column elementor-col-100 elementor-top-column elementor-element elementor-element-91ecdd9\" data-id=\"91ecdd9\" data-element_type=\"column\">\n\t\t\t<div class=\"elementor-widget-wrap elementor-element-populated\">\n\t\t\t\t\t\t<section class=\"elementor-section elementor-inner-section elementor-element elementor-element-093343e elementor-section-full_width elementor-section-height-default elementor-section-height-default\" data-id=\"093343e\" data-element_type=\"section\">\n\t\t\t\t\t\t<div class=\"elementor-container elementor-column-gap-default\">\n\t\t\t\t\t<div class=\"elementor-column elementor-col-100 elementor-inner-column elementor-element elementor-element-2297e1b\" data-id=\"2297e1b\" data-element_type=\"column\">\n\t\t\t<div class=\"elementor-widget-wrap elementor-element-populated\">\n\t\t\t\t\t\t<div class=\"elementor-element elementor-element-1cd0f5a elementor-widget elementor-widget-heading\" data-id=\"1cd0f5a\" data-element_type=\"widget\" data-widget_type=\"heading.default\">\n\t\t\t\t<div class=\"elementor-widget-container\">\n\t\t\t<style>\/*! elementor - v3.19.0 - 07-02-2024 *\/\n.elementor-heading-title{padding:0;margin:0;line-height:1}.elementor-widget-heading .elementor-heading-title[class*=elementor-size-]>a{color:inherit;font-size:inherit;line-height:inherit}.elementor-widget-heading .elementor-heading-title.elementor-size-small{font-size:15px}.elementor-widget-heading .elementor-heading-title.elementor-size-medium{font-size:19px}.elementor-widget-heading .elementor-heading-title.elementor-size-large{font-size:29px}.elementor-widget-heading .elementor-heading-title.elementor-size-xl{font-size:39px}.elementor-widget-heading .elementor-heading-title.elementor-size-xxl{font-size:59px}<\/style><h2 class=\"elementor-heading-title elementor-size-default\">Hinnasto<\/h2>\t\t<\/div>\n\t\t\t\t<\/div>\n\t\t\t\t\t<\/div>\n\t\t<\/div>\n\t\t\t\t\t<\/div>\n\t\t<\/section>\n\t\t\t\t\t<\/div>\n\t\t<\/div>\n\t\t\t\t\t<\/div>\n\t\t<\/section>\n\t\t\t\t<section class=\"elementor-section elementor-top-section elementor-element elementor-element-7a5fd4d elementor-section-boxed elementor-section-height-default elementor-section-height-default\" data-id=\"7a5fd4d\" data-element_type=\"section\">\n\t\t\t\t\t\t<div class=\"elementor-container elementor-column-gap-default\">\n\t\t\t\t\t<div class=\"elementor-column elementor-col-100 elementor-top-column elementor-element elementor-element-8defc38\" data-id=\"8defc38\" data-element_type=\"column\">\n\t\t\t<div class=\"elementor-widget-wrap elementor-element-populated\">\n\t\t\t\t\t\t<section class=\"elementor-section elementor-inner-section elementor-element elementor-element-2d47f94 elementor-section-boxed elementor-section-height-default elementor-section-height-default\" data-id=\"2d47f94\" data-element_type=\"section\">\n\t\t\t\t\t\t<div class=\"elementor-container elementor-column-gap-default\">\n\t\t\t\t\t<div class=\"elementor-column elementor-col-100 elementor-inner-column elementor-element elementor-element-f4462e2\" data-id=\"f4462e2\" data-element_type=\"column\">\n\t\t\t<div class=\"elementor-widget-wrap elementor-element-populated\">\n\t\t\t\t\t\t<div class=\"elementor-element elementor-element-74f83fa elementor-widget elementor-widget-heading\" data-id=\"74f83fa\" data-element_type=\"widget\" data-widget_type=\"heading.default\">\n\t\t\t\t<div class=\"elementor-widget-container\">\n\t\t\t<h2 class=\"elementor-heading-title elementor-size-default\">Hinnasto<\/h2>\t\t<\/div>\n\t\t\t\t<\/div>\n\t\t\t\t<div class=\"elementor-element elementor-element-ca29380 elementor-widget elementor-widget-text-editor\" data-id=\"ca29380\" data-element_type=\"widget\" data-widget_type=\"text-editor.default\">\n\t\t\t\t<div class=\"elementor-widget-container\">\n\t\t\t<style>\/*! elementor - v3.19.0 - 07-02-2024 *\/\n.elementor-widget-text-editor.elementor-drop-cap-view-stacked .elementor-drop-cap{background-color:#69727d;color:#fff}.elementor-widget-text-editor.elementor-drop-cap-view-framed .elementor-drop-cap{color:#69727d;border:3px solid;background-color:transparent}.elementor-widget-text-editor:not(.elementor-drop-cap-view-default) .elementor-drop-cap{margin-top:8px}.elementor-widget-text-editor:not(.elementor-drop-cap-view-default) .elementor-drop-cap-letter{width:1em;height:1em}.elementor-widget-text-editor .elementor-drop-cap{float:left;text-align:center;line-height:1;font-size:50px}.elementor-widget-text-editor .elementor-drop-cap-letter{display:inline-block}<\/style>\t\t\t\t<p><strong>Yll\u00e4pid\u00e4mme ja kehit\u00e4mme Suomen parhaita sovelluksia autoalan ammattilaisille. Sovellustemme hinnoittelu on eritt\u00e4in maltillista.<\/strong><\/p>\n<p>Ilmoitusmaksu per ajoneuvo: 0,00 eur\/p\u00e4iv\u00e4.<\/p>\n<p>Lisenssimaksu 0,00 eur.<\/p>\n<p>Kuukausittainen k\u00e4ytt\u00e4j\u00e4kohtainen k\u00e4ytt\u00f6maksu 0,00 eur.<\/p>\n<p>Sovelluksen kautta tapahtuneista toteutuneista kaupoista veloitetamme palkkion&nbsp;sek\u00e4 ostajalta ett\u00e4 myyj\u00e4lt\u00e4.<\/p>\n<p><strong><span style=\"text-decoration: underline;\">T\u00e4ll\u00e4 hetkell\u00e4 voimassa olevat palkkiomme ovat:<\/span><\/strong><\/p>\n<p>Myyj\u00e4lt\u00e4 laskutettava palkkio 1,49% myyntihinnasta.<strong> KAMPANJA: Tammikuun 2024 ajan palkkio 0,99% myyntihinnasta!<\/strong><\/p>\n<p>Ostajalta laskutettava palkkio 1,49% myyntihinnasta. <strong>KAMPANJA: Tammikuun 2024 ajan palkkio 0,99% myyntihinnasta!<\/strong><\/p>\n<p>Palkkioihin lis\u00e4t\u00e4\u00e4n kulloinkin voimassa oleva Suomen verolakien mukainen arvonlis\u00e4vero. T\u00e4m\u00e4n hetkinen arvonlis\u00e4vero on 24%.<\/p>\n<p><strong><br><\/strong><\/p><p><strong>Helpota, nopeuta ja tuota.<\/strong><\/p>\t\t\t\t\t\t<\/div>\n\t\t\t\t<\/div>\n\t\t\t\t\t<\/div>\n\t\t<\/div>\n\t\t\t\t\t<\/div>\n\t\t<\/section>\n\t\t\t\t\t<\/div>\n\t\t<\/div>\n\t\t\t\t\t<\/div>\n\t\t<\/section>\n\t\t\t\t<\/div>","protected":false},"excerpt":{"rendered":"<p>Hinnasto Hinnasto Yll\u00e4pid\u00e4mme ja kehit\u00e4mme Suomen parhaita sovelluksia autoalan ammattilaisille. Sovellustemme hinnoittelu on eritt\u00e4in maltillista. Ilmoitusmaksu per ajoneuvo: 0,00 eur\/p\u00e4iv\u00e4. Lisenssimaksu 0,00 eur. Kuukausittainen k\u00e4ytt\u00e4j\u00e4kohtainen k\u00e4ytt\u00f6maksu 0,00 eur. Sovelluksen kautta tapahtuneista toteutuneista kaupoista veloitetamme palkkion&nbsp;sek\u00e4 ostajalta ett\u00e4 myyj\u00e4lt\u00e4. T\u00e4ll\u00e4 hetkell\u00e4 voimassa olevat palkkiomme ovat: Myyj\u00e4lt\u00e4 laskutettava palkkio 1,49% myyntihinnasta. KAMPANJA: Tammikuun 2024 ajan palkkio 0,99% [&hellip;]<\/p>","protected":false},"author":1,"featured_media":0,"parent":0,"menu_order":0,"comment_status":"closed","ping_status":"closed","template":"","meta":{"footnotes":""},"class_list":["post-23935","page","type-page","status-publish","hentry"],"acf":[],"_links":{"self":[{"href":"https:\/\/nsofta.ngmprojektit.fi\/fi\/wp-json\/wp\/v2\/pages\/23935","targetHints":{"allow":["GET"]}}],"collection":[{"href":"https:\/\/nsofta.ngmprojektit.fi\/fi\/wp-json\/wp\/v2\/pages"}],"about":[{"href":"https:\/\/nsofta.ngmprojektit.fi\/fi\/wp-json\/wp\/v2\/types\/page"}],"author":[{"embeddable":true,"href":"https:\/\/nsofta.ngmprojektit.fi\/fi\/wp-json\/wp\/v2\/users\/1"}],"replies":[{"embeddable":true,"href":"https:\/\/nsofta.ngmprojektit.fi\/fi\/wp-json\/wp\/v2\/comments?post=23935"}],"version-history":[{"count":43,"href":"https:\/\/nsofta.ngmprojektit.fi\/fi\/wp-json\/wp\/v2\/pages\/23935\/revisions"}],"predecessor-version":[{"id":24894,"href":"https:\/\/nsofta.ngmprojektit.fi\/fi\/wp-json\/wp\/v2\/pages\/23935\/revisions\/24894"}],"wp:attachment":[{"href":"https:\/\/nsofta.ngmprojektit.fi\/fi\/wp-json\/wp\/v2\/media?parent=23935"}],"curies":[{"name":"wp","href":"https:\/\/api.w.org\/{rel}","templated":true}]}}